{"id":1123,"date":"2014-01-17T06:30:14","date_gmt":"2014-01-17T05:30:14","guid":{"rendered":"http:\/\/les-petits-luteciens.fr\/?page_id=1123"},"modified":"2022-08-04T18:37:55","modified_gmt":"2022-08-04T17:37:55","slug":"mentions-legales","status":"publish","type":"page","link":"http:\/\/les-petits-luteciens.fr\/?page_id=1123","title":{"rendered":"MENTIONS LEGALES"},"content":{"rendered":"<p><a href=\"http:\/\/les-petits-luteciens.fr\/wp-content\/uploads\/2022\/07\/cropped-logo-paris.png\"><img loading=\"lazy\" class=\"size-full wp-image-2628 aligncenter\" src=\"http:\/\/les-petits-luteciens.fr\/wp-content\/uploads\/2022\/07\/cropped-logo-paris.png\" alt=\"\" width=\"240\" height=\"271\" \/><\/a><\/p>\n<p>Les Petits Lut\u00e9ciens est une marque d\u00e9pos\u00e9e aupr\u00e8s de l&rsquo;INPI.<br \/>\nNum\u00e9ro national : 4061118<\/p>\n<ul>\n<li><strong>COORDONNEES<\/strong><\/li>\n<\/ul>\n<p>Bilitis &amp; Sylvie BERRY<br \/>\nT\u00e9l : 06 11 08 39 55<br \/>\nles.petits.luteciens@gmail.com<\/p>\n<ul>\n<li><strong>HEBERGEMENT DU SITE<\/strong><\/li>\n<\/ul>\n<p>1&amp;1 IONOS<br \/>\n7 Pl. de la Gare<br \/>\n57200 Sarreguemines<br \/>\nT\u00e9l : 09 70 80 89 11<br \/>\nhttps:\/\/www.ionos.fr\/<\/p>\n<ul>\n<li><strong>WEBMASTER \/ WEBDESIGNER<\/strong><\/li>\n<\/ul>\n<p>Bilitis BERRY<\/p>\n<p>berry.bilitis@gmail.com<\/p>\n<p>Toutes les images, logos, illustrations du site sont la propri\u00e9t\u00e9 EXCLUSIVE des Petits Lut\u00e9ciens. De m\u00eame toutes nos cr\u00e9ations (incluant ours, accessoires, packaging, certificats etc&#8230;) sont des cr\u00e9ations originales des Petits Lut\u00e9ciens bas\u00e9s sur nos propres patrons et mod\u00e8les.<\/p>\n<p>Toute reproduction, repr\u00e9sentation ou diffusion, par quelque moyen que ce soit, et sans notre autorisation, de nos cr\u00e9ations, images, logos, illustrations est consid\u00e9r\u00e9e comme un d\u00e9lit de contrefa\u00e7on en violation des droits de l&rsquo;auteur tels qu&rsquo;ils sont d\u00e9finis et r\u00e9glement\u00e9s par la loi.<\/p>\n","protected":false},"excerpt":{"rendered":"<p>Les Petits Lut\u00e9ciens est une marque d\u00e9pos\u00e9e aupr\u00e8s de l&rsquo;INPI. Num\u00e9ro national : 4061118 COORDONNEES Bilitis &amp; Sylvie BERRY T\u00e9l : 06 11 08 39 55 les.petits.luteciens@gmail.com HEBERGEMENT DU SITE &hellip; <\/p>\n","protected":false},"author":1,"featured_media":0,"parent":0,"menu_order":0,"comment_status":"closed","ping_status":"closed","template":"","meta":[],"_links":{"self":[{"href":"http:\/\/les-petits-luteciens.fr\/index.php?rest_route=\/wp\/v2\/pages\/1123"}],"collection":[{"href":"http:\/\/les-petits-luteciens.fr\/index.php?rest_route=\/wp\/v2\/pages"}],"about":[{"href":"http:\/\/les-petits-luteciens.fr\/index.php?rest_route=\/wp\/v2\/types\/page"}],"author":[{"embeddable":true,"href":"http:\/\/les-petits-luteciens.fr\/index.php?rest_route=\/wp\/v2\/users\/1"}],"replies":[{"embeddable":true,"href":"http:\/\/les-petits-luteciens.fr\/index.php?rest_route=%2Fwp%2Fv2%2Fcomments&post=1123"}],"version-history":[{"count":8,"href":"http:\/\/les-petits-luteciens.fr\/index.php?rest_route=\/wp\/v2\/pages\/1123\/revisions"}],"predecessor-version":[{"id":2711,"href":"http:\/\/les-petits-luteciens.fr\/index.php?rest_route=\/wp\/v2\/pages\/1123\/revisions\/2711"}],"wp:attachment":[{"href":"http:\/\/les-petits-luteciens.fr\/index.php?rest_route=%2Fwp%2Fv2%2Fmedia&parent=1123"}],"curies":[{"name":"wp","href":"https:\/\/api.w.org\/{rel}","templated":true}]}}