{"id":1128,"date":"2014-01-17T07:17:49","date_gmt":"2014-01-17T06:17:49","guid":{"rendered":"http:\/\/les-petits-luteciens.fr\/?page_id=1128"},"modified":"2022-08-04T19:14:41","modified_gmt":"2022-08-04T18:14:41","slug":"c-g-v","status":"publish","type":"page","link":"http:\/\/les-petits-luteciens.fr\/?page_id=1128","title":{"rendered":"C.G.V."},"content":{"rendered":"<p><span><strong>PREAMBULE<\/strong><br \/>\nLes pr\u00e9sentes conditions g\u00e9n\u00e9rales de ventes s&rsquo;appliquent entre,<br \/>\nd&rsquo;une part le propri\u00e9taire du site de vente en ligne : http:\/\/les-petits-luteciens.fr\/&nbsp; et,<br \/>\nd&rsquo;autre part les personnes physiques non commer\u00e7antes souhaitant effectuer un achat sur le site de LES PETITS LUTECIENS, ci-apr\u00e8s d\u00e9nomm\u00e9es le \u00ab Client \u00bb.<\/span><\/p>\n<p>\u00ab LES PETITS LUTECIENS \u00bb et le \u00ab Client \u00bb sont collectivement appel\u00e9s \u00ab les Parties \u00bb.<br \/>\nLes Parties conviennent que les conditions g\u00e9n\u00e9rales de vente applicables sont celles mises \u00e0 la disposition du Client sur le site http:\/\/les-petits-luteciens.fr\/&nbsp;lors de la passation de la commande.<\/p>\n<p align=\"justify\"><span>Si une condition venait \u00e0 faire d\u00e9faut, elle serait alors r\u00e9gie par les usages en vigueur dans le secteur de la vente \u00e0 distance en France. http:\/\/les-petits-luteciens.fr\/&nbsp;se r\u00e9serve le droit de modifier les pr\u00e9sentes conditions g\u00e9n\u00e9rales de vente \u00e0 tout moment selon l&rsquo;\u00e9volution de la loi et de la jurisprudence en vigueur en France.<\/span><\/p>\n<p align=\"justify\"><span><strong>OBJET<\/strong><br \/>\nLes pr\u00e9sentes conditions g\u00e9n\u00e9rales de vente d\u00e9finissent les relations contractuelles entre les parties et notamment la passation de la commande, le paiement, la confirmation de la commande et la livraison.<\/span><\/p>\n<p align=\"justify\"><span><strong>LA COMMANDE<\/strong><br \/>\nL&rsquo;utilisateur a la possibilit\u00e9 de passer sa commande :<\/span><\/p>\n<p>&#8211; par courriel,<\/p>\n<p>\u00e0 partir du site internet http:\/\/les-petits-luteciens.fr\/.<\/p>\n<p>Il pourra choisir la cr\u00e9ation qu&rsquo;il souhaite acqu\u00e9rir parmi toutes celles&nbsp;pr\u00e9sent\u00e9es&nbsp;sur le site, ne portant pas la mention \u00ab\u00a0ADOPTE(E)\u00a0\u00bb ou \u00ab\u00a0RESERVE(E)\u00a0\u00bb.<\/p>\n<p align=\"justify\"><span>Il prendra contact par e-mail avec les Cr\u00e9atrices afin de les informer de sa volont\u00e9 d&rsquo;acqu\u00e9rir une cr\u00e9ation LES PETITS LUTECIENS.<\/span><\/p>\n<p align=\"justify\"><span>Les Cr\u00e9atrices valideront sa commande par retour d&rsquo;e-mail en mentionnant&nbsp;notamment&nbsp;le co\u00fbt des transports et le co\u00fbt total TTC.<\/span><\/p>\n<p>La validation de la commande par le client vaut acceptation sans r\u00e9serve des conditions particuli\u00e8res de vente sp\u00e9cifique \u00e0 chacun des produits objets de la commande (d\u00e9nomination, prix, couleur, poids, quantit\u00e9, particularit\u00e9 des produits).<\/p>\n<p align=\"justify\"><span>Le client reconna\u00eet avoir pris connaissance et accepter le montant forfaitaire aff\u00e9rent aux frais de livraison.<br \/>\nIl est \u00e9galement stipul\u00e9 que le contrat de vente n&rsquo;est form\u00e9 qu&rsquo;\u00e0 partir de la validation du paiement int\u00e9gral de la commande aupr\u00e8s de notre banque. Une fois le paiement valid\u00e9, LES PETITS LUTECIENS&nbsp;confirmeront&nbsp;sa&nbsp;r\u00e9ception&nbsp;et communiqueront le num\u00e9ro d&rsquo;envoi du colis par e-mail.<\/span><\/p>\n<p>Dans l&rsquo;hypoth\u00e8se o\u00f9 un produit n&rsquo;est plus disponible \u00e0 la vente et qu&rsquo;il n&rsquo;aurait pas encore \u00e9t\u00e9 indiqu\u00e9 comme \u00ab\u00a0ADOPTE\u00a0\u00bb ou \u00ab\u00a0RESERVE\u00a0\u00bb, LES PETITS LUTECIENS s&rsquo;engage \u00e0 avertir imm\u00e9diatement par courrier \u00e9lectronique le Client. Cependant, chacun des produits pr\u00e9sent\u00e9s sur le site \u00e9tant des cr\u00e9ations unique, il sera impossible pour LES PETITS LUTECIENS de proposer un produit de substitution au client.<\/p>\n<p>Le Client s&rsquo;interdit de revendre les produits. Toute commande pass\u00e9e par un Client est pour un usage personnel ou pour l&rsquo;usage personnel de la personne au nom de laquelle la livraison doit \u00eatre effectu\u00e9e.<br \/>\nLe client est seul responsable du paiement effectif des produits achet\u00e9s et des coordonn\u00e9es transmises pour la livraison.<\/p>\n<p align=\"justify\"><span><strong>LA LIVRAISON<\/strong><br \/>\nLES PETITS LUTECIENS s&rsquo;engage \u00e0 effectuer la livraison des articles command\u00e9s dans les plus brefs d\u00e9lais.<\/span><\/p>\n<p align=\"justify\"><span>Pour la France, les produits seront envoy\u00e9s par \u00ab Colissimo suivi avec signature \u00bb.<\/span><\/p>\n<p align=\"justify\"><span>Pour l&rsquo;\u00e9tranger, les produits sont envoy\u00e9 par \u00ab\u00a0Colissimo International\u00a0\u00bb.<\/span><\/p>\n<p align=\"justify\"><span>Le Client se fera livrer \u00e0 l&rsquo;adresse communiqu\u00e9e au moment de la commande.<br \/>\nLa zone de livraison peut s&rsquo;\u00e9tendre \u00e0 tous les pays, frais de port \u00e0 d\u00e9finir suivant la destination et le poids du colis.<\/span><\/p>\n<p align=\"justify\"><span>\u00ab LES PETITS LUTECIENS \u00bb ne pourra \u00eatre tenu responsable des \u00e9ventuels probl\u00e8mes de livraison, perte ou d\u00e9t\u00e9rioration de colis et qui seraient la responsabilit\u00e9 de La Poste.<br \/>\nEn cas de perte ou d\u00e9t\u00e9rioration, une enqu\u00eate sera demand\u00e9e aupr\u00e8s de La Poste; dans le cas d&rsquo;une indemnisation (fonction des CGV du prestataire), elle sera revers\u00e9e au client sous forme d&rsquo;avoir ou de remboursement.<\/span><\/p>\n<p align=\"justify\"><span>Dans le cas d&rsquo;un colis indiqu\u00e9 \u00ab\u00a0livr\u00e9\u00a0\u00bb par LA POSTE, et que le destinataire n&rsquo;aurait pas re\u00e7u, la Poste dans ce cas pr\u00e9cis fait preuve d&rsquo;une tr\u00e8s grande mauvaise foi et&nbsp; ne reconna\u00eetra en aucun cas sa responsabilit\u00e9. Ainsi elle n&rsquo;accordera aucune indemnisation, et quand bien m\u00eame elle serait en tort.<\/span><\/p>\n<p align=\"justify\"><span><strong>LES MODALITES DE PAIEMENT<\/strong><br \/>\nLe client pourra r\u00e9gler ses achats par les moyens suivants :<br \/>\n&#8211; Carte bancaire (via Paypal)<br \/>\n&#8211; Ch\u00e8que<br \/>\n&#8211; Virement (taxes&nbsp;\u00e9ventuelles aux frais de l&rsquo;acheteur)<\/span><\/p>\n<p>Si le r\u00e8glement s&rsquo;effectue par Paypal, le Client devra entrer ses coordonn\u00e9es et ses informations de carte bancaire sur le site s\u00e9curis\u00e9 Paypal. Si le Client poss\u00e8de d\u00e9j\u00e0 un compte Paypal, il pourra payer directement avec son compte Paypal. Il recevra alors une confirmation de sa commande par courrier \u00e9lectronique.<\/p>\n<p>Si le r\u00e8glement s&rsquo;effectue par ch\u00e8que, le Client devra envoyer son r\u00e8glement \u00e0 : Bilitis BERRY 12 rue de la Parfumerie 92600&nbsp;ASNI\u00c8RES<br \/>\nIl n&rsquo;est pas n\u00e9cessaire pour le Client d&rsquo;envoyer de copie de la commande avec son ch\u00e8que .<\/p>\n<p>Il n&rsquo;est pas propos\u00e9 de r\u00e8glement \u00e0 la livraison (contre-remboursement).<\/p>\n<p>Les Clients garantissent qu&rsquo;ils sont pleinement habilit\u00e9s \u00e0 utiliser&nbsp;une carte bancaire ou un ch\u00e8que et que ceux-ci donnent acc\u00e8s \u00e0 des fonds suffisants pour couvrir tous les co\u00fbts li\u00e9s \u00e0 une passation de commande sur le site http:\/\/les-petits-luteciens.fr\/. Seules les personnes juridiquement capables de souscrire des contrats concernant les biens et les services propos\u00e9s sur le site peuvent commander sur le site http:\/\/les-petits-luteciens.fr\/.<\/p>\n<p align=\"justify\"><span>Les prix affich\u00e9s sur le site sont en EUROS et s&rsquo;entendent Toutes Taxes Comprises (TTC). TVA non applicable, art 293 B du CGI. LES PETITS LUTECIENS d\u00e9livrera \u00e0 la demande du Client une facture faisant appara\u00eetre les montants HT (Hors Taxes) et TTC.<\/span><\/p>\n<p align=\"justify\"><span>Le prix des articles est celui mentionn\u00e9 sur le site.<\/span><\/p>\n<p align=\"justify\"><span>Il est major\u00e9 du montant des frais de livraison qui appara\u00eetra \u00e0 la suite de la commande ; ce montant est fonction du poids du colis.<\/span><\/p>\n<p><span><strong>FRAIS DE PORT<\/strong><br \/>\nIls d\u00e9pendent de la zone de livraison et du contenu du colis.<\/span><\/p>\n<p align=\"justify\"><span><strong>DROITS DE RETRACTATION<\/strong><br \/>\nConform\u00e9ment \u00e0 l&rsquo;article L 121-20 du code de la consommation, le Client dispose d&rsquo;un d\u00e9lai de quatorze (14) jours francs pour exercer son droit de r\u00e9tractation. En cas d&rsquo;utilisation de ce droit, le Client devra retourner \u00e0 ses frais, son achat intact, dans son emballage d&rsquo;origine. Les produits retourn\u00e9s incomplets, ab\u00eem\u00e9s, t\u00e2ch\u00e9s ne seront pas repris.<\/span><\/p>\n<p>LES PETITS LUTECIENS remboursera le Client dans les 30 jours \u00e0 compter de la date de r\u00e9ception des marchandises. Le Client sera rembours\u00e9 du montant de ses achats hors frais de livraisons et de traitement de sa commande. Les frais de retour sont support\u00e9s par le Client. Le remboursement sera effectu\u00e9 par ch\u00e8que ou virement bancaire ou remboursement PAYPAL en cas de paiement initial via ce site.<br \/>\nCe d\u00e9lai court \u00e0 compter de la r\u00e9ception de la commande par le Client. En cas d&rsquo;absence du Client, l&rsquo;avis de passage de livraison du \u00ab colissimo suivi sans signature \u00bb fera foi pour compter le nombre de jours \u00e9coul\u00e9s pour l&rsquo;exercice de ce droit.<\/p>\n<p>Conform\u00e9ment \u00e0 l&rsquo;article L 121-20-2 du code de la consommation le droit de r\u00e9tractation ne peut \u00eatre exerc\u00e9 pour toute fourniture de biens confectionn\u00e9s selon les sp\u00e9cifications du Client ou nettement personnalis\u00e9s. En cons\u00e9quence, le Client ne pourra exercer son droit de r\u00e9tractation pour toute commande de produits r\u00e9alis\u00e9e \u00e0 la demande dudit Client.<\/p>\n<p align=\"justify\">\n<p align=\"justify\"><strong>RESPONSABILITE<\/strong><br \/>\nLES PETITS LUTECIENS n&rsquo;est pas responsable des erreurs d&rsquo;informations transmises par le Client lors de sa commande.<br \/>\nLes produits vendus sur le site http:\/\/les-petits-luteciens.fr\/&nbsp;sont pr\u00e9sent\u00e9s avec la plus grande pr\u00e9cision possible. Cependant, les Parties conviennent que les r\u00e9seaux mondiaux constituant l&rsquo;Internet \u00e9tant complexes, ayant des capacit\u00e9s de transmissions in\u00e9gales, ainsi que des politiques d&rsquo;utilisations propres, nul ne saurait garantir le bon fonctionnement de l&rsquo;Internet dans son ensemble. En cons\u00e9quence, LES PETITS LUTECIENS ne saurait, notamment, \u00eatre responsable des d\u00e9faillances techniques dues au tiers susceptibles d&rsquo;alt\u00e9rer la qualit\u00e9 des couleurs, textes, sons, images et les conditions d&rsquo;accessibilit\u00e9 au site http:\/\/les-petits-luteciens.fr\/.<\/p>\n<p align=\"justify\">\n<p align=\"justify\"><strong>GARANTIES<\/strong><\/p>\n<p>LES PETITS LUTECIENS garantie que les produits propos\u00e9s sur son site son r\u00e9alis\u00e9s \u00e0 la main en France.<br \/>\nNos articles ne sont pas destin\u00e9s aux enfants de moins de 14 ans. Ce sont des objets exclusivement destin\u00e9 \u00e0 la collection et ne peuvent \u00eatre manipul\u00e9s quotidiennement comme une peluche de grande distribution.<br \/>\nLES PETITS LUTECIENS ne peut \u00eatre tenu pour responsable d&rsquo;une d\u00e9gradation rapide de l&rsquo;article en cas d&rsquo;utilisation non conforme.<\/p>\n<p align=\"justify\">\n","protected":false},"excerpt":{"rendered":"<p>PREAMBULE Les pr\u00e9sentes conditions g\u00e9n\u00e9rales de ventes s&rsquo;appliquent entre, d&rsquo;une part le propri\u00e9taire du site de vente en ligne : http:\/\/les-petits-luteciens.fr\/&nbsp; et, d&rsquo;autre part les personnes physiques non commer\u00e7antes souhaitant &hellip; <\/p>\n","protected":false},"author":1,"featured_media":0,"parent":0,"menu_order":0,"comment_status":"closed","ping_status":"closed","template":"","meta":[],"_links":{"self":[{"href":"http:\/\/les-petits-luteciens.fr\/index.php?rest_route=\/wp\/v2\/pages\/1128"}],"collection":[{"href":"http:\/\/les-petits-luteciens.fr\/index.php?rest_route=\/wp\/v2\/pages"}],"about":[{"href":"http:\/\/les-petits-luteciens.fr\/index.php?rest_route=\/wp\/v2\/types\/page"}],"author":[{"embeddable":true,"href":"http:\/\/les-petits-luteciens.fr\/index.php?rest_route=\/wp\/v2\/users\/1"}],"replies":[{"embeddable":true,"href":"http:\/\/les-petits-luteciens.fr\/index.php?rest_route=%2Fwp%2Fv2%2Fcomments&post=1128"}],"version-history":[{"count":2,"href":"http:\/\/les-petits-luteciens.fr\/index.php?rest_route=\/wp\/v2\/pages\/1128\/revisions"}],"predecessor-version":[{"id":2704,"href":"http:\/\/les-petits-luteciens.fr\/index.php?rest_route=\/wp\/v2\/pages\/1128\/revisions\/2704"}],"wp:attachment":[{"href":"http:\/\/les-petits-luteciens.fr\/index.php?rest_route=%2Fwp%2Fv2%2Fmedia&parent=1128"}],"curies":[{"name":"wp","href":"https:\/\/api.w.org\/{rel}","templated":true}]}}