{"id":1166,"date":"2014-01-29T11:22:21","date_gmt":"2014-01-29T10:22:21","guid":{"rendered":"http:\/\/les-petits-luteciens.fr\/?page_id=1166"},"modified":"2022-08-04T19:16:28","modified_gmt":"2022-08-04T18:16:28","slug":"les-classiques-a-adopter","status":"publish","type":"page","link":"http:\/\/les-petits-luteciens.fr\/?page_id=1166","title":{"rendered":"LES OURS A ADOPTER"},"content":{"rendered":"<p><img loading=\"lazy\" class=\"wp-image-2700 aligncenter\" src=\"http:\/\/les-petits-luteciens.fr\/wp-content\/uploads\/2022\/08\/Florentin1_transparent-1024x746.png\" alt=\"\" width=\"412\" height=\"300\" srcset=\"http:\/\/les-petits-luteciens.fr\/wp-content\/uploads\/2022\/08\/Florentin1_transparent-1024x746.png 1024w, http:\/\/les-petits-luteciens.fr\/wp-content\/uploads\/2022\/08\/Florentin1_transparent-300x218.png 300w, http:\/\/les-petits-luteciens.fr\/wp-content\/uploads\/2022\/08\/Florentin1_transparent-768x559.png 768w, http:\/\/les-petits-luteciens.fr\/wp-content\/uploads\/2022\/08\/Florentin1_transparent-1536x1119.png 1536w, http:\/\/les-petits-luteciens.fr\/wp-content\/uploads\/2022\/08\/Florentin1_transparent-2048x1491.png 2048w\" sizes=\"(max-width: 412px) 100vw, 412px\" \/><\/p>\n<h6 style=\"text-align: center;\"><strong>Nous sommes d\u00e9sol\u00e9es =(<\/strong><\/h6>\n<p>Il n&rsquo;y a pas de Petits Lut\u00e9ciens disponibles actuellement. Pour \u00eatre tenus inform\u00e9s de nos futures cr\u00e9ations, nous vous invitons \u00e0 vous inscrire \u00e0 notre Newsletter ou \u00e0 nous suivre sur les r\u00e9seaux sociaux.<\/p>\n","protected":false},"excerpt":{"rendered":"<p>Nous sommes d\u00e9sol\u00e9es =( Il n&rsquo;y a pas de Petits Lut\u00e9ciens disponibles actuellement. Pour \u00eatre tenus inform\u00e9s de nos futures cr\u00e9ations, nous vous invitons \u00e0 vous inscrire \u00e0 notre Newsletter &hellip; <\/p>\n","protected":false},"author":1,"featured_media":0,"parent":0,"menu_order":0,"comment_status":"closed","ping_status":"closed","template":"","meta":[],"_links":{"self":[{"href":"http:\/\/les-petits-luteciens.fr\/index.php?rest_route=\/wp\/v2\/pages\/1166"}],"collection":[{"href":"http:\/\/les-petits-luteciens.fr\/index.php?rest_route=\/wp\/v2\/pages"}],"about":[{"href":"http:\/\/les-petits-luteciens.fr\/index.php?rest_route=\/wp\/v2\/types\/page"}],"author":[{"embeddable":true,"href":"http:\/\/les-petits-luteciens.fr\/index.php?rest_route=\/wp\/v2\/users\/1"}],"replies":[{"embeddable":true,"href":"http:\/\/les-petits-luteciens.fr\/index.php?rest_route=%2Fwp%2Fv2%2Fcomments&post=1166"}],"version-history":[{"count":47,"href":"http:\/\/les-petits-luteciens.fr\/index.php?rest_route=\/wp\/v2\/pages\/1166\/revisions"}],"predecessor-version":[{"id":2702,"href":"http:\/\/les-petits-luteciens.fr\/index.php?rest_route=\/wp\/v2\/pages\/1166\/revisions\/2702"}],"wp:attachment":[{"href":"http:\/\/les-petits-luteciens.fr\/index.php?rest_route=%2Fwp%2Fv2%2Fmedia&parent=1166"}],"curies":[{"name":"wp","href":"https:\/\/api.w.org\/{rel}","templated":true}]}}