{"id":1403,"date":"2014-07-05T11:22:37","date_gmt":"2014-07-05T10:22:37","guid":{"rendered":"http:\/\/les-petits-luteciens.fr\/?page_id=1403"},"modified":"2022-08-04T19:14:36","modified_gmt":"2022-08-04T18:14:36","slug":"f-a-q","status":"publish","type":"page","link":"http:\/\/les-petits-luteciens.fr\/?page_id=1403","title":{"rendered":"F.A.Q."},"content":{"rendered":"<p style=\"text-align: center;\"><strong>FOIRE AUX QUESTIONS<\/strong><\/p>\n<ul>\n<li style=\"color: #e8c1c8;\"><strong>Comment adopter un Petit Lut\u00e9cien ?<\/strong><\/li>\n<\/ul>\n<p>Tout d&rsquo;abord, il faut savoir que Les Petits Lut\u00e9ciens sont propos\u00e9s \u00e0 la vente par diff\u00e9rents biais : le site officiel, BearPile, le Facebook des Petits Lut\u00e9ciens et en exposition.<br \/>\nLe site internet est mis \u00e0 jour en temps r\u00e9el. Aussi, si vous souhaitez adopter un ours, il suffit de consulter la page \u00ab\u00a0Les ours \u00e0 adopter\u00a0\u00bb dans le menu du haut. C&rsquo;est la seule rubrique du site o\u00f9 nous proposons nos ours \u00e0 la vente.<br \/>\nChaque ours poss\u00e8de sa fiche d\u00e9taill\u00e9e avec ses caract\u00e9ristiques et son prix de vente.<br \/>\nSi vous avez un coup de c\u0153ur pour l&rsquo;un de nos ours, il suffit donc de nous contacter via le site internet. Si vous \u00eates le ou la premier(e) \u00e0 nous contacter pour l&rsquo;ours en question, alors nous conviendrons des modalit\u00e9s d&rsquo;adoption. L&rsquo;ours vous sera alors r\u00e9serv\u00e9 jusqu&rsquo;au paiement int\u00e9gral.<br \/>\nSi l&rsquo;ours que vous convoitez a d\u00e9j\u00e0 fait l&rsquo;objet d&rsquo;une demande d&rsquo;adoption, vous serez tenu inform\u00e9 en cas de d\u00e9sistement.<\/p>\n<ul>\n<li style=\"color: #e8c1c8;\"><strong>Acceptez-vous les paiements en plusieurs fois ?<\/strong><\/li>\n<\/ul>\n<p>Nous pouvons tout \u00e0 fait convenir d&rsquo;un r\u00e8glement en plusieurs fois, mais dans la limite du raisonnable (3 fois maximum). L&rsquo;ours ne sera exp\u00e9di\u00e9 qu&rsquo;une fois le dernier paiement r\u00e9ceptionn\u00e9.<\/p>\n<ul>\n<li style=\"color: #e8c1c8;\"><strong>A qui sont destin\u00e9s Les Petits Lut\u00e9ciens ?<\/strong><\/li>\n<\/ul>\n<p>Nos ours sont des objets de collection \u00e0 part enti\u00e8re et ne peuvent en aucun cas \u00eatre utilis\u00e9s comme des jouets. En effet, n&rsquo;\u00e9tant pas s\u00e9curis\u00e9s, ils pourraient s&rsquo;av\u00e9rer dangereux pour des enfants en bas \u00e2ge. C&rsquo;est pour cela que nous destinons nos ours aux collectionneurs adultes ou jeunes \u00e0 partir de 14 ans minimum.<\/p>\n<ul>\n<li style=\"color: #e8c1c8;\"><strong>Quel est le prix d&rsquo;un Petit Lut\u00e9cien ?<\/strong><\/li>\n<\/ul>\n<p>Les prix de nous ours sont fix\u00e9s en fonction de leur taille, accessoires associ\u00e9s, mat\u00e9riaux etc &#8230; En moyenne, pour un ours de 26 cm, il faut compter entre 180 et 250 euros.<\/p>\n<ul>\n<li style=\"color: #e8c1c8;\"><strong>Acceptez-vous de faire des ours sur commande ?<\/strong><\/li>\n<\/ul>\n<p>Nous ne travaillons pas sur commande, ou dans de rares cas tr\u00e8s exceptionnels. En effet, nous souhaitons garder la libert\u00e9 de cr\u00e9er nos ours comme nous le ressentons et ne souhaitons pas reproduire de copies ou travailler sous pression. Nous aimons que nos ours restent uniques et que leurs adoptions fonctionnent au coup de c\u0153ur.<\/p>\n<ul>\n<li style=\"color: #e8c1c8;\"><strong>Quels sont les moyens de paiement accept\u00e9s ?<\/strong><\/li>\n<\/ul>\n<p>Nous acceptons les moyens de paiement suivants :<br \/>\n&#8211; Virement bancaire (RIB envoy\u00e9 au moment du paiement)<br \/>\n&#8211; Paypal<br \/>\n&#8211; Esp\u00e8ces<\/p>\n<ul>\n<li style=\"color: #e8c1c8;\"><strong>Est-il possible de demander l&rsquo;adoption d&rsquo;un ours marqu\u00e9 \u00ab\u00a0R\u00e9serv\u00e9\u00a0\u00bb pour un salon ?<\/strong><\/li>\n<\/ul>\n<p>L&rsquo;adoption dans l&rsquo;imm\u00e9diat n&rsquo;est bien entendu pas possible. Par contre, vous pouvez nous solliciter pour poser une option sur l&rsquo;ours qui vous plait. Vous serez ainsi le premier averti si l&rsquo;ours revenait avec nous du salon. Cela ne vous engage en rien puisque nous ne demandons aucun versement.<br \/>\nN\u00e9anmoins, nous vous demandons de nous donner une r\u00e9ponse rapidement une fois l&rsquo;ours propos\u00e9 \u00e0 l&rsquo;adoption.<br \/>\nNous ne prenons qu&rsquo;une option par ours.<\/p>\n","protected":false},"excerpt":{"rendered":"<p>FOIRE AUX QUESTIONS Comment adopter un Petit Lut\u00e9cien ? Tout d&rsquo;abord, il faut savoir que Les Petits Lut\u00e9ciens sont propos\u00e9s \u00e0 la vente par diff\u00e9rents biais : le site officiel, &hellip; <\/p>\n","protected":false},"author":1,"featured_media":0,"parent":0,"menu_order":0,"comment_status":"closed","ping_status":"closed","template":"","meta":[],"_links":{"self":[{"href":"http:\/\/les-petits-luteciens.fr\/index.php?rest_route=\/wp\/v2\/pages\/1403"}],"collection":[{"href":"http:\/\/les-petits-luteciens.fr\/index.php?rest_route=\/wp\/v2\/pages"}],"about":[{"href":"http:\/\/les-petits-luteciens.fr\/index.php?rest_route=\/wp\/v2\/types\/page"}],"author":[{"embeddable":true,"href":"http:\/\/les-petits-luteciens.fr\/index.php?rest_route=\/wp\/v2\/users\/1"}],"replies":[{"embeddable":true,"href":"http:\/\/les-petits-luteciens.fr\/index.php?rest_route=%2Fwp%2Fv2%2Fcomments&post=1403"}],"version-history":[{"count":7,"href":"http:\/\/les-petits-luteciens.fr\/index.php?rest_route=\/wp\/v2\/pages\/1403\/revisions"}],"predecessor-version":[{"id":2713,"href":"http:\/\/les-petits-luteciens.fr\/index.php?rest_route=\/wp\/v2\/pages\/1403\/revisions\/2713"}],"wp:attachment":[{"href":"http:\/\/les-petits-luteciens.fr\/index.php?rest_route=%2Fwp%2Fv2%2Fmedia&parent=1403"}],"curies":[{"name":"wp","href":"https:\/\/api.w.org\/{rel}","templated":true}]}}